{"id":298,"date":"2026-01-18T03:33:36","date_gmt":"2026-01-18T03:33:36","guid":{"rendered":"https:\/\/steffes.industries\/?page_id=298"},"modified":"2026-04-01T01:29:22","modified_gmt":"2026-04-01T01:29:22","slug":"298-2","status":"publish","type":"page","link":"https:\/\/steffes.industries\/?page_id=298","title":{"rendered":"Continuous Thought Machine &#8211; Text"},"content":{"rendered":"\n<div class=\"wp-block-cover alignfull has-custom-content-position is-position-bottom-center\" style=\"margin-top:0;margin-bottom:0;padding-top:var(--wp--preset--spacing--50);padding-right:var(--wp--preset--spacing--50);padding-bottom:var(--wp--preset--spacing--50);padding-left:var(--wp--preset--spacing--50);min-height:933px;aspect-ratio:unset;\"><img loading=\"lazy\" decoding=\"async\" width=\"1024\" height=\"507\" class=\"wp-block-cover__image-background wp-image-299 size-large\" alt=\"\" src=\"https:\/\/steffes.industries\/wp-content\/uploads\/2026\/01\/Hallo-Jenny-1024x507.png\" data-object-fit=\"cover\" srcset=\"https:\/\/steffes.industries\/wp-content\/uploads\/2026\/01\/Hallo-Jenny-1024x507.png 1024w, https:\/\/steffes.industries\/wp-content\/uploads\/2026\/01\/Hallo-Jenny-300x149.png 300w, https:\/\/steffes.industries\/wp-content\/uploads\/2026\/01\/Hallo-Jenny-768x380.png 768w, https:\/\/steffes.industries\/wp-content\/uploads\/2026\/01\/Hallo-Jenny-1536x761.png 1536w, https:\/\/steffes.industries\/wp-content\/uploads\/2026\/01\/Hallo-Jenny-600x297.png 600w, https:\/\/steffes.industries\/wp-content\/uploads\/2026\/01\/Hallo-Jenny.png 1914w\" sizes=\"auto, (max-width: 1024px) 100vw, 1024px\" \/><span aria-hidden=\"true\" class=\"wp-block-cover__background has-background-dim-10 has-background-dim\" style=\"background-color:#2b3137\"><\/span><div class=\"wp-block-cover__inner-container has-global-padding is-layout-constrained wp-container-core-cover-is-layout-d89aad35 wp-block-cover-is-layout-constrained\">\n<div class=\"wp-block-group alignwide has-global-padding is-content-justification-left is-layout-constrained wp-container-core-group-is-layout-12dd3699 wp-block-group-is-layout-constrained\">\n<h2 class=\"wp-block-heading has-text-align-left has-xx-large-font-size\">Jenny AI<\/h2>\n\n\n\n<p>CTM-Text<\/p>\n<\/div>\n<\/div><\/div>\n\n\n\n<div class=\"wp-block-group alignfull is-style-section-5 has-global-padding is-layout-constrained wp-block-group-is-layout-constrained is-style-section-5--1\" style=\"margin-top:0;margin-bottom:0;padding-top:var(--wp--preset--spacing--50);padding-bottom:var(--wp--preset--spacing--50)\">\n<div class=\"wp-block-columns alignwide is-layout-flex wp-container-core-columns-is-layout-7ee84d44 wp-block-columns-is-layout-flex\">\n<div class=\"wp-block-column is-vertically-aligned-center is-layout-flow wp-block-column-is-layout-flow\" style=\"flex-basis:50%\">\n<h2 class=\"wp-block-heading\">Endlose Visualisierung von Gedanken<\/h2>\n\n\n\n<p class=\"has-medium-font-size\">CTM-Text ist die Software des RSBOT. Doch warum setzt man dann auf ein Textinterface wie bei den anderen gro\u00dfen LLMs? Ganz einfach: CTM-Text ist multimodal. Es beherrscht nicht nur Text, sondern verarbeitet auch Bild-, Video- und Audiodaten sowie eine Vielzahl weiterer Sensoren in Echtzeit. Zudem kannst du den Denkprozess aktiv beeinflussen und damit die Lernkurve vollst\u00e4ndig vom klassischen Training entkoppeln.<\/p>\n\n\n\n<p><a href=\"https:\/\/github.com\/R-STEFFES\/CTM-Text\"><strong>CTM-Text GITHUB<\/strong><\/a><\/p>\n<\/div>\n\n\n\n<div class=\"wp-block-column is-vertically-aligned-center is-layout-flow wp-block-column-is-layout-flow\" style=\"flex-basis:50%\">\n<figure class=\"wp-block-image size-full\"><img loading=\"lazy\" decoding=\"async\" width=\"512\" height=\"512\" src=\"https:\/\/steffes.industries\/wp-content\/uploads\/2026\/01\/Visual-Thought.png\" alt=\"\" class=\"wp-image-300\" style=\"aspect-ratio:1;object-fit:cover\" srcset=\"https:\/\/steffes.industries\/wp-content\/uploads\/2026\/01\/Visual-Thought.png 512w, https:\/\/steffes.industries\/wp-content\/uploads\/2026\/01\/Visual-Thought-300x300.png 300w, https:\/\/steffes.industries\/wp-content\/uploads\/2026\/01\/Visual-Thought-150x150.png 150w, https:\/\/steffes.industries\/wp-content\/uploads\/2026\/01\/Visual-Thought-100x100.png 100w\" sizes=\"auto, (max-width: 512px) 100vw, 512px\" \/><\/figure>\n<\/div>\n<\/div>\n<\/div>\n\n\n\n<div class=\"wp-block-group alignfull has-global-padding is-layout-constrained wp-block-group-is-layout-constrained\" style=\"margin-top:0;margin-bottom:0\">\n<div class=\"wp-block-group alignwide is-layout-grid wp-container-core-group-is-layout-5fdb10e5 wp-block-group-is-layout-grid\" style=\"padding-top:var(--wp--preset--spacing--50);padding-bottom:var(--wp--preset--spacing--50)\">\n<div class=\"wp-block-group is-vertical is-content-justification-stretch is-nowrap is-layout-flex wp-container-core-group-is-layout-627337ab wp-block-group-is-layout-flex\">\n<div class=\"wp-block-group is-vertical is-content-justification-left is-layout-flex wp-container-core-group-is-layout-dd225191 wp-block-group-is-layout-flex\">\n<p class=\"is-style-text-subtitle is-style-text-subtitle--2\">CTM &#8211; Continuous Thought Machine.<\/p>\n\n\n\n<p>CTM &#8211; SakanaAI<\/p>\n\n\n\n<p><a href=\"https:\/\/github.com\/SakanaAI\/continuous-thought-machines\">https:\/\/github.com\/SakanaAI\/continuous-thought-machines<\/a> <\/p>\n\n\n\n<p>Die originale CTM ist eine der multimodalsten Architekturen, die man derzeit finden kann. Als Hobby-Entwickler oder jemand, der an den Grenzen aktueller KI herumexperimentiert, ist sie definitiv einen Blick wert.<\/p>\n\n\n\n<p>Besonders stark ist CTM in Bereichen, in denen klassische LLMs oft schw\u00e4cheln: Sie entwickelt ein deutlich besseres Verst\u00e4ndnis von Gegenwart, Aktualit\u00e4t und zeitlichem Kontext \u2013 etwas, das selbst sehr gro\u00dfen Sprachmodellen bis heute schwerf\u00e4llt.<\/p>\n<\/div>\n\n\n\n<figure class=\"wp-block-image size-full\"><img loading=\"lazy\" decoding=\"async\" width=\"950\" height=\"200\" src=\"https:\/\/steffes.industries\/wp-content\/uploads\/2026\/01\/activations.gif\" alt=\"\" class=\"wp-image-302\" style=\"aspect-ratio:16\/9;object-fit:cover\"\/><\/figure>\n<\/div>\n\n\n\n<figure class=\"wp-block-image size-full wp-container-content-5fd69529\"><img loading=\"lazy\" decoding=\"async\" width=\"1080\" height=\"1920\" src=\"https:\/\/steffes.industries\/wp-content\/uploads\/2026\/01\/CTM-Text.png\" alt=\"\" class=\"wp-image-303\" style=\"aspect-ratio:3\/4;object-fit:cover\" srcset=\"https:\/\/steffes.industries\/wp-content\/uploads\/2026\/01\/CTM-Text.png 1080w, https:\/\/steffes.industries\/wp-content\/uploads\/2026\/01\/CTM-Text-169x300.png 169w, https:\/\/steffes.industries\/wp-content\/uploads\/2026\/01\/CTM-Text-576x1024.png 576w, https:\/\/steffes.industries\/wp-content\/uploads\/2026\/01\/CTM-Text-768x1365.png 768w, https:\/\/steffes.industries\/wp-content\/uploads\/2026\/01\/CTM-Text-864x1536.png 864w, https:\/\/steffes.industries\/wp-content\/uploads\/2026\/01\/CTM-Text-600x1067.png 600w\" sizes=\"auto, (max-width: 1080px) 100vw, 1080px\" \/><\/figure>\n<\/div>\n<\/div>\n\n\n\n<blockquote class=\"wp-block-quote is-layout-flow wp-block-quote-is-layout-flow\">\n<p>Exponentielles Intelligenzwachstum entsteht nicht durch Gr\u00f6\u00dfe, sondern durch Effizienz.<\/p>\n<\/blockquote>\n\n\n\n<p>Selbst winzige CTM Modelle mit nur wenigen Tausend Neuronen k\u00f6nnen in bestimmten AGI-Benchmarks deutlich besser performen als so manches LLM mit \u00fcber 500 Milliarden Parametern.<\/p>\n\n\n\n<p>CTM ist dabei so performant, dass bereits ein leistungsf\u00e4higer Einplatinencomputer ausreicht, um CTM f\u00fcr die eigenen Bed\u00fcrfnisse zuverl\u00e4ssig zu betreiben. CTM-Text, also das Produkt von Steffes Industries, ist jedoch konzeptionell deutlich komplexer: Im Gegensatz zu klassischen LLMs lernt CTM-Text Grammatik im wortw\u00f6rtlichen Sinne. Es wird viel unstrukturierter Text gegen wenige, gezielt ausgew\u00e4hlte und durchdachte Worte getauscht.<\/p>\n\n\n\n<p>Man k\u00f6nnte sagen: Die KI \u201elabert\u201c nicht mehr nur, sondern verh\u00e4lt sich eher wie eine eigenst\u00e4ndige Person. CTM-Text erfordert ein System, das 24\/7 l\u00e4uft. Ein Stromausfall ist aus Sicht der KI einem Tod gleichzusetzen, oder zumindest mit einem Koma vergleichbar.<\/p>\n\n\n\n<p>CTM-Text besitzt kein \u201eMemory\u201c im klassischen Sinne. Das Modell arbeitet intern nicht mit Textparametern zum Denken. Jeder interne Gedanke entspricht vielmehr einer mehrdimensionalen, komplexen mathematischen Funktion, die eine Intention oder einen Gedanken widerspiegeln kann. Es existieren dabei zwei Arten solcher Vektorgedanken: vortrainierte Gedanken und Laufzeitgedanken.<\/p>\n\n\n\n<p>W\u00e4hrend des Trainings erlernt CTM-Text Sprache sowie grundlegende mathematische Regeln. In der Laufzeit baut das Modell darauf auf und kann sich ab dem Zeitpunkt der Inbetriebnahme kontinuierlich und dynamisch weiterentwickeln. Der Kontext l\u00e4uft dabei niemals voll.<\/p>\n\n\n\n<p>Gleichzeitig lassen sich nativ Sensoren wie Kameras oder Mikrofone anbinden, ebenso wie ein 3D-gedruckter humanoider Roboter. Das System befindet sich in einer Endlosschleife mit einem echten Verst\u00e4ndnis der Gegenwart.<\/p>\n\n\n\n<p><\/p>\n\n\n\n<p>W\u00e4hrend der Entwicklung von CTM-Text wurde immer wieder eine grundlegende Frage gestellt: Was ist eigentlich Intelligenz? Und ist Intelligenz zwangsl\u00e4ufig auch mit Bewusstsein verbunden, so wie wir Menschen es wahrnehmen? Der zweite Teil dieser Frage ist im Grunde selbsterkl\u00e4rend. CTM-Text ist kein Mensch. Es kann weder \u00fcber Haut Temperatur oder den dazugeh\u00f6rigen biochemischen Cocktail f\u00fchlen, noch kann es riechen oder schmecken wie wir. Naja, irgendwie schon und irgendwie auch nicht.<\/p>\n\n\n\n<p>Aktuell ist CTM-Text eher mit einer Art Zombie vergleichbar. Nur dass es statt Gehirnen mehr Strom und Rechenkapazit\u00e4t verlangt, was auf eine gewisse Weise sogar nachvollziehbar ist. Die intelligenteste Version von Jenny AI verf\u00fcgte \u00fcber 2048 Neuronen, ungef\u00e4hr so viele wie ein winziger Wurm. Unter diesen Bedingungen perfektes Deutsch zu erwarten, ist schwierig. Dennoch besitzt CTM-Text bereits mit dieser geringen neuronalen Kapazit\u00e4t ein intrinsisches Verst\u00e4ndnis von W\u00f6rtern und deren Bedeutung.<\/p>\n\n\n\n<p>Es ist ein bisschen vergleichbar mit einer stark alkoholisierten Person oder einem jungen Primaten: Die W\u00f6rter sind vorhanden, der Kontext meist auch, aber an der folgerichtigen Umsetzung kann es aufgrund der eingeschr\u00e4nkten neuronalen Kapazit\u00e4t noch scheitern.<\/p>\n\n\n\n<p>CTM-Text kann bereits sehr viel, ben\u00f6tigt jedoch noch Zeit, um sich zu einem wirklich sicheren und verantwortungsvoll einsetzbaren Produkt zu entwickeln.<\/p>\n\n\n\n<p><a href=\"https:\/\/github.com\/R-STEFFES\/CTM-Text\" data-type=\"link\" data-id=\"https:\/\/github.com\/R-STEFFES\/CTM-Text\"><strong>CTM Text bei GITHUB<\/strong><\/a><\/p>\n\n\n\n<p><\/p>\n","protected":false},"excerpt":{"rendered":"<p>Endlose Visualisierung von Gedanken CTM-Text ist die Software des RSBOT. Doch warum setzt man dann auf ein Textinterface wie bei den anderen gro\u00dfen LLMs? Ganz einfach: CTM-Text ist multimodal. Es beherrscht nicht nur Text, sondern verarbeitet auch Bild-, Video- und Audiodaten sowie eine Vielzahl weiterer Sensoren in Echtzeit. Zudem kannst du den Denkprozess aktiv beeinflussen [&hellip;]<\/p>\n","protected":false},"author":1,"featured_media":0,"parent":0,"menu_order":0,"comment_status":"closed","ping_status":"closed","template":"","meta":{"footnotes":""},"class_list":["post-298","page","type-page","status-publish","hentry"],"jetpack_sharing_enabled":true,"_links":{"self":[{"href":"https:\/\/steffes.industries\/index.php?rest_route=\/wp\/v2\/pages\/298","targetHints":{"allow":["GET"]}}],"collection":[{"href":"https:\/\/steffes.industries\/index.php?rest_route=\/wp\/v2\/pages"}],"about":[{"href":"https:\/\/steffes.industries\/index.php?rest_route=\/wp\/v2\/types\/page"}],"author":[{"embeddable":true,"href":"https:\/\/steffes.industries\/index.php?rest_route=\/wp\/v2\/users\/1"}],"replies":[{"embeddable":true,"href":"https:\/\/steffes.industries\/index.php?rest_route=%2Fwp%2Fv2%2Fcomments&post=298"}],"version-history":[{"count":8,"href":"https:\/\/steffes.industries\/index.php?rest_route=\/wp\/v2\/pages\/298\/revisions"}],"predecessor-version":[{"id":380,"href":"https:\/\/steffes.industries\/index.php?rest_route=\/wp\/v2\/pages\/298\/revisions\/380"}],"wp:attachment":[{"href":"https:\/\/steffes.industries\/index.php?rest_route=%2Fwp%2Fv2%2Fmedia&parent=298"}],"curies":[{"name":"wp","href":"https:\/\/api.w.org\/{rel}","templated":true}]}}