{"id":283,"date":"2026-01-07T17:27:23","date_gmt":"2026-01-07T17:27:23","guid":{"rendered":"https:\/\/steffes.industries\/?page_id=283"},"modified":"2026-03-17T18:36:23","modified_gmt":"2026-03-17T18:36:23","slug":"arm-cluster","status":"publish","type":"page","link":"https:\/\/steffes.industries\/?page_id=283","title":{"rendered":"ARM-Cluster"},"content":{"rendered":"\n<div class=\"wp-block-cover alignfull is-light has-custom-content-position is-position-bottom-center\" style=\"margin-top:0;margin-bottom:0;padding-top:var(--wp--preset--spacing--50);padding-right:var(--wp--preset--spacing--50);padding-bottom:var(--wp--preset--spacing--50);padding-left:var(--wp--preset--spacing--50);min-height:840px;aspect-ratio:unset;\"><img loading=\"lazy\" decoding=\"async\" width=\"1000\" height=\"1000\" class=\"wp-block-cover__image-background wp-image-285 size-full\" alt=\"\" src=\"http:\/\/steffes.industries\/wp-content\/uploads\/2026\/01\/Sipeed-NanoCluster-RPI4-Offen.jpg\" data-object-fit=\"cover\" srcset=\"https:\/\/steffes.industries\/wp-content\/uploads\/2026\/01\/Sipeed-NanoCluster-RPI4-Offen.jpg 1000w, https:\/\/steffes.industries\/wp-content\/uploads\/2026\/01\/Sipeed-NanoCluster-RPI4-Offen-300x300.jpg 300w, https:\/\/steffes.industries\/wp-content\/uploads\/2026\/01\/Sipeed-NanoCluster-RPI4-Offen-150x150.jpg 150w, https:\/\/steffes.industries\/wp-content\/uploads\/2026\/01\/Sipeed-NanoCluster-RPI4-Offen-768x768.jpg 768w, https:\/\/steffes.industries\/wp-content\/uploads\/2026\/01\/Sipeed-NanoCluster-RPI4-Offen-600x600.jpg 600w, https:\/\/steffes.industries\/wp-content\/uploads\/2026\/01\/Sipeed-NanoCluster-RPI4-Offen-100x100.jpg 100w\" sizes=\"auto, (max-width: 1000px) 100vw, 1000px\" \/><span aria-hidden=\"true\" class=\"wp-block-cover__background has-background-dim-10 has-background-dim\" style=\"background-color:#e1e3e1\"><\/span><div class=\"wp-block-cover__inner-container has-global-padding is-layout-constrained wp-container-core-cover-is-layout-d89aad35 wp-block-cover-is-layout-constrained\">\n<div class=\"wp-block-group alignfull has-global-padding is-content-justification-left is-layout-constrained wp-container-core-group-is-layout-12dd3699 wp-block-group-is-layout-constrained\">\n<h2 class=\"wp-block-heading has-text-align-left has-xx-large-font-size\"><strong>Cluster Computing<\/strong><\/h2>\n\n\n\n<p><strong>Deine pers\u00f6nliche Serverfarm \u2013 direkt im Schlafzimmer!<\/strong><\/p>\n\n\n\n<div class=\"wp-block-buttons is-layout-flex wp-block-buttons-is-layout-flex\">\n<div class=\"wp-block-button\"><a class=\"wp-block-button__link wp-element-button\" href=\"https:\/\/steffes.industries\/?page_id=13\">Compute Modules kaufen<\/a><\/div>\n<\/div>\n<\/div>\n<\/div><\/div>\n\n\n\n<div class=\"wp-block-group alignfull is-style-section-5 has-global-padding is-layout-constrained wp-block-group-is-layout-constrained is-style-section-5--1\" style=\"margin-top:0;margin-bottom:0;padding-top:var(--wp--preset--spacing--50);padding-bottom:var(--wp--preset--spacing--50)\">\n<div class=\"wp-block-columns alignwide is-layout-flex wp-container-core-columns-is-layout-7ee84d44 wp-block-columns-is-layout-flex\">\n<div class=\"wp-block-column is-vertically-aligned-center is-layout-flow wp-block-column-is-layout-flow\" style=\"flex-basis:50%\">\n<h2 class=\"wp-block-heading\">Verdiene geld durch vermieten<\/h2>\n\n\n\n<p class=\"has-medium-font-size\">Stell dir vor: Mit einem ARM-Cluster aus Raspberry Pi 5 kannst du schon bald deine eigenen Gameserver f\u00fcr Freunde und Kollegen betreiben und das alles bei minimalen Kosten! <\/p>\n\n\n\n<p class=\"has-medium-font-size\">Doch das ist nur der Anfang: Dein Cluster kann noch viel mehr. Separate Minecraft-Server, Nextcloud f\u00fcr deine Daten, Buchhaltungssoftware f\u00fcr deine Kunden oder sogar lokale KI-Anwendungen &#8211; alles l\u00e4uft gleichzeitig, zuverl\u00e4ssig und effizient.<\/p>\n\n\n\n<p class=\"has-medium-font-size\"><br>Mit einem ARM-Rechencluster bekommst du High-End-Hardware zum kleinen Preis \u2013 flexibel, skalierbar und bereit f\u00fcr jedes Projekt, das du dir vorstellen kannst. Warum warten? Starte jetzt dein eigenes Mini-Rechenzentrum!<\/p>\n\n\n\n<p class=\"has-medium-font-size\"><\/p>\n<\/div>\n\n\n\n<div class=\"wp-block-column is-vertically-aligned-center is-layout-flow wp-block-column-is-layout-flow\" style=\"flex-basis:50%\">\n<figure class=\"wp-block-image size-full\"><img loading=\"lazy\" decoding=\"async\" width=\"950\" height=\"950\" src=\"http:\/\/steffes.industries\/wp-content\/uploads\/2026\/01\/Raspberry-Pi-5-Isometrie.jpg\" alt=\"Raspberry Pi 5 Compute Module Isometrie\" class=\"wp-image-271\" style=\"aspect-ratio:1;object-fit:cover\" srcset=\"https:\/\/steffes.industries\/wp-content\/uploads\/2026\/01\/Raspberry-Pi-5-Isometrie.jpg 950w, https:\/\/steffes.industries\/wp-content\/uploads\/2026\/01\/Raspberry-Pi-5-Isometrie-300x300.jpg 300w, https:\/\/steffes.industries\/wp-content\/uploads\/2026\/01\/Raspberry-Pi-5-Isometrie-150x150.jpg 150w, https:\/\/steffes.industries\/wp-content\/uploads\/2026\/01\/Raspberry-Pi-5-Isometrie-768x768.jpg 768w, https:\/\/steffes.industries\/wp-content\/uploads\/2026\/01\/Raspberry-Pi-5-Isometrie-600x600.jpg 600w, https:\/\/steffes.industries\/wp-content\/uploads\/2026\/01\/Raspberry-Pi-5-Isometrie-100x100.jpg 100w\" sizes=\"auto, (max-width: 950px) 100vw, 950px\" \/><figcaption class=\"wp-element-caption\">Raspberry Pi 5 Compute Module<\/figcaption><\/figure>\n<\/div>\n<\/div>\n<\/div>\n\n\n\n<div class=\"wp-block-group alignfull has-global-padding is-layout-constrained wp-block-group-is-layout-constrained\" style=\"margin-top:0;margin-bottom:0\">\n<div class=\"wp-block-group alignwide is-layout-grid wp-container-core-group-is-layout-5fdb10e5 wp-block-group-is-layout-grid\" style=\"padding-top:var(--wp--preset--spacing--50);padding-bottom:var(--wp--preset--spacing--50)\">\n<div class=\"wp-block-group is-vertical is-content-justification-stretch is-nowrap is-layout-flex wp-container-core-group-is-layout-627337ab wp-block-group-is-layout-flex\">\n<div class=\"wp-block-group is-vertical is-content-justification-left is-layout-flex wp-container-core-group-is-layout-dd225191 wp-block-group-is-layout-flex\">\n<p><strong>Sicherheitsfeatures, die VMs nicht liefern k\u00f6nnen<\/strong><\/p>\n\n\n\n<p>Ein Cluster ist einer klassischen VM in nichts unterlegen \u2013 ganz im Gegenteil.<br>W\u00e4hrend virtuelle Maschinen sich einen Host teilen, besteht ein Cluster aus vollst\u00e4ndig unabh\u00e4ngigen Systemen, die Aufgaben physisch voneinander getrennt ausf\u00fchren.<\/p>\n\n\n\n<p>Ein Cluster ist im Grunde ein gro\u00dfer, intelligenter Rechner, der in der Lage ist, Workloads sauber zu isolieren, zu verteilen und bei Bedarf automatisch zu skalieren.<br>F\u00e4llt ein Knoten aus oder wird kompromittiert, bleiben die anderen vollst\u00e4ndig funktionsf\u00e4hig und unbeeinflusst.<\/p>\n\n\n\n<p class=\"is-style-text-subtitle is-style-text-subtitle--2\">Moderne ARM-Chips machen es heute m\u00f6glich, die Rechenleistung von sieben Raspberry Pis im Volumen einer Getr\u00e4nkedose unterzubringen \u2013 bei minimalem Stromverbrauch und nahezu lautlosem Betrieb.<\/p>\n<\/div>\n\n\n\n<figure class=\"wp-block-image size-full\"><img loading=\"lazy\" decoding=\"async\" width=\"1000\" height=\"1000\" src=\"http:\/\/steffes.industries\/wp-content\/uploads\/2026\/01\/Sipeed-NanoCluster-RPI4.jpg\" alt=\"Raspberry Pi NanoCluster\" class=\"wp-image-284\" style=\"aspect-ratio:16\/9;object-fit:cover\" srcset=\"https:\/\/steffes.industries\/wp-content\/uploads\/2026\/01\/Sipeed-NanoCluster-RPI4.jpg 1000w, https:\/\/steffes.industries\/wp-content\/uploads\/2026\/01\/Sipeed-NanoCluster-RPI4-300x300.jpg 300w, https:\/\/steffes.industries\/wp-content\/uploads\/2026\/01\/Sipeed-NanoCluster-RPI4-150x150.jpg 150w, https:\/\/steffes.industries\/wp-content\/uploads\/2026\/01\/Sipeed-NanoCluster-RPI4-768x768.jpg 768w, https:\/\/steffes.industries\/wp-content\/uploads\/2026\/01\/Sipeed-NanoCluster-RPI4-600x600.jpg 600w, https:\/\/steffes.industries\/wp-content\/uploads\/2026\/01\/Sipeed-NanoCluster-RPI4-100x100.jpg 100w\" sizes=\"auto, (max-width: 1000px) 100vw, 1000px\" \/><figcaption class=\"wp-element-caption\">Sipeed NanoCluster RPI4<\/figcaption><\/figure>\n<\/div>\n\n\n\n<figure class=\"wp-block-image size-full\"><img loading=\"lazy\" decoding=\"async\" width=\"1500\" height=\"2000\" src=\"http:\/\/steffes.industries\/wp-content\/uploads\/2025\/09\/ARM.png\" alt=\"\" class=\"wp-image-87\" style=\"aspect-ratio:3\/4;object-fit:cover\" srcset=\"https:\/\/steffes.industries\/wp-content\/uploads\/2025\/09\/ARM.png 1500w, https:\/\/steffes.industries\/wp-content\/uploads\/2025\/09\/ARM-225x300.png 225w, https:\/\/steffes.industries\/wp-content\/uploads\/2025\/09\/ARM-768x1024.png 768w, https:\/\/steffes.industries\/wp-content\/uploads\/2025\/09\/ARM-1152x1536.png 1152w, https:\/\/steffes.industries\/wp-content\/uploads\/2025\/09\/ARM-600x800.png 600w\" sizes=\"auto, (max-width: 1500px) 100vw, 1500px\" \/><\/figure>\n<\/div>\n<\/div>\n\n\n\n<div class=\"wp-block-group alignfull has-global-padding is-layout-constrained wp-block-group-is-layout-constrained\" style=\"margin-top:0;margin-bottom:0\">\n<div class=\"wp-block-group alignfull has-global-padding is-content-justification-center is-layout-constrained wp-container-core-group-is-layout-df757ecc wp-block-group-is-layout-constrained\" style=\"margin-top:0;margin-bottom:0;padding-top:calc( 0.5 * var(--wp--style--root--padding-right, var(--wp--custom--gap--horizontal)));padding-right:var(--wp--style--root--padding-right, var(--wp--custom--gap--horizontal));padding-bottom:calc( 0.5 * var(--wp--style--root--padding-right, var(--wp--custom--gap--horizontal)));padding-left:var(--wp--style--root--padding-left, var(--wp--custom--gap--horizontal))\">\n<div style=\"height:calc( 0.25 * var(--wp--style--root--padding-right, var(--wp--custom--gap--horizontal)))\" aria-hidden=\"true\" class=\"wp-block-spacer\"><\/div>\n\n\n\n<figure class=\"wp-block-image size-full\"><img loading=\"lazy\" decoding=\"async\" width=\"1000\" height=\"1000\" src=\"https:\/\/steffes.industries\/wp-content\/uploads\/2026\/01\/Sipeed-NanoCluster-RPI4-Offen.jpg\" alt=\"\" class=\"wp-image-285\" srcset=\"https:\/\/steffes.industries\/wp-content\/uploads\/2026\/01\/Sipeed-NanoCluster-RPI4-Offen.jpg 1000w, https:\/\/steffes.industries\/wp-content\/uploads\/2026\/01\/Sipeed-NanoCluster-RPI4-Offen-300x300.jpg 300w, https:\/\/steffes.industries\/wp-content\/uploads\/2026\/01\/Sipeed-NanoCluster-RPI4-Offen-150x150.jpg 150w, https:\/\/steffes.industries\/wp-content\/uploads\/2026\/01\/Sipeed-NanoCluster-RPI4-Offen-768x768.jpg 768w, https:\/\/steffes.industries\/wp-content\/uploads\/2026\/01\/Sipeed-NanoCluster-RPI4-Offen-600x600.jpg 600w, https:\/\/steffes.industries\/wp-content\/uploads\/2026\/01\/Sipeed-NanoCluster-RPI4-Offen-100x100.jpg 100w\" sizes=\"auto, (max-width: 1000px) 100vw, 1000px\" \/><\/figure>\n\n\n\n<h2 class=\"wp-block-heading\">ARM-Cluster-Computer: Cluster k\u00f6nnen einiges&#8230;. aber kannst du das auch?<\/h2>\n\n\n\n<p>Zugegeben: Einen Cluster aufzubauen ist <strong>nicht unbedingt die perfekte Einstiegsaufgabe<\/strong> in die Welt der Einplatinencomputer.<br>Aber: <strong>Cluster sind extrem n\u00fctzlich<\/strong> \u2013 und richtig eingesetzt k\u00f6nnen sie dir einen <strong>echten Wettbewerbsvorteil<\/strong> verschaffen.<\/p>\n\n\n\n<p>Das Grundprinzip ist simpel:<br>Du kannst mehrere dieser Nano-Computer zu einem Cluster zusammenschalten und so <strong>beliebig gro\u00dfe, skalierbare Netzwerke<\/strong> erschaffen. Dabei bist du <strong>nicht auf den Raspberry Pi beschr\u00e4nkt<\/strong> \u2013 das Konzept funktioniert mit <em>jedem<\/em> Computer.<br>F\u00fcr leistungsintensivere Anwendungen bieten sich zum Beispiel <strong>Rockchip RK3588 Boards<\/strong> an, die deutlich mehr Rechenleistung liefern.<\/p>\n\n\n\n<hr class=\"wp-block-separator has-alpha-channel-opacity\"\/>\n\n\n\n<h2 class=\"wp-block-heading\">Wof\u00fcr kann man so ein Cluster nutzen?<\/h2>\n\n\n\n<p>Es gibt viele clevere Einsatzm\u00f6glichkeiten. Hier ein paar konkrete Beispiele, um dir eine Vorstellung zu geben:<\/p>\n\n\n\n<h3 class=\"wp-block-heading\"><strong>Lokales \u201eBudget\u201c-Minecraft-Server-Netzwerk<\/strong><\/h3>\n\n\n\n<p>Erschaffe dein eigenes <strong>Game-Server-Imperium<\/strong>.<br>Mehrere Server, Load-Balancing, getrennte Welten \u2013 alles lokal und unter deiner Kontrolle.<\/p>\n\n\n\n<h3 class=\"wp-block-heading\"><strong>Docker \/ Kubernetes \u2013 dein Mini-Rechenzentrum<\/strong><\/h3>\n\n\n\n<ul class=\"wp-block-list\">\n<li>Buchhaltung<\/li>\n\n\n\n<li>Datentresor<\/li>\n\n\n\n<li>Mitarbeiter-PCs<\/li>\n\n\n\n<li>WordPress-Website<\/li>\n<\/ul>\n\n\n\n<p>Alles <strong>100 % lokal<\/strong>, in deinem <strong>eigenen Mini-Rechenzentrum<\/strong>.<br>Keine Cloud-Abh\u00e4ngigkeit, volle Kontrolle \u00fcber deine Daten.<\/p>\n\n\n\n<h3 class=\"wp-block-heading\"><strong>Serververmietung<\/strong><\/h3>\n\n\n\n<p>Ein Nano-Cluster braucht kaum Platz und wenig Strom.<br>Jeden einzelnen Server kannst du gewinnbringend an Kunden vermieten \u2013 ideal f\u00fcr kleine Unternehmen, Entwickler oder Selbstst\u00e4ndige.<\/p>\n\n\n\n<h3 class=\"wp-block-heading\"><strong>Projektentwicklung &amp; Skalierbarkeit<\/strong><\/h3>\n\n\n\n<p>Ein Mini-Cluster ist perfekt, um Produktionsbedingungen realistisch zu testen.<br>Entwickle deine Projekte ab Tag 1 skalierbar:<\/p>\n\n\n\n<ul class=\"wp-block-list\">\n<li>Modul 1: Flask<\/li>\n\n\n\n<li>Modul 2: Nginx<\/li>\n\n\n\n<li>Modul 3: MongoDB<\/li>\n\n\n\n<li>Modul 4: Load-Balancer<\/li>\n<\/ul>\n\n\n\n<p>So simulierst du echte Rechenzentren \u2013 <strong>bei dir zu Hause<\/strong>.<\/p>\n\n\n\n<p><\/p>\n\n\n\n<div class=\"wp-block-columns alignwide is-layout-flex wp-container-core-columns-is-layout-28f84493 wp-block-columns-is-layout-flex\">\n<div class=\"wp-block-column is-vertically-aligned-center is-layout-flow wp-block-column-is-layout-flow\">\n<figure class=\"wp-block-jetpack-image-compare\"><div class=\"juxtapose\" data-mode=\"horizontal\"><img loading=\"lazy\" decoding=\"async\" id=\"279\" src=\"https:\/\/i0.wp.com\/steffes.industries\/wp-content\/uploads\/2026\/01\/Raspberry-pi-4-Compute-Module.png\" alt=\"Raspberry pi 4 Compute Module\" width=\"640\" height=\"640\" class=\"image-compare__image-before\"\/><img loading=\"lazy\" decoding=\"async\" id=\"285\" src=\"https:\/\/i0.wp.com\/steffes.industries\/wp-content\/uploads\/2026\/01\/Sipeed-NanoCluster-RPI4-Offen.jpg\" alt=\"\" width=\"1000\" height=\"1000\" class=\"image-compare__image-after\"\/><\/div><\/figure>\n<\/div>\n<\/div>\n\n\n\n<div style=\"height:calc( 0.25 * var(--wp--style--root--padding-right, var(--wp--custom--gap--horizontal)))\" aria-hidden=\"true\" class=\"wp-block-spacer\"><\/div>\n<\/div>\n\n\n\n<div class=\"wp-block-group alignwide is-layout-flow wp-container-core-group-is-layout-d58a0413 wp-block-group-is-layout-flow\" style=\"padding-top:var(--wp--preset--spacing--50);padding-bottom:var(--wp--preset--spacing--50)\">\n<h2 class=\"wp-block-heading has-x-large-font-size\">H\u00e4ufig gestellte Fragen<\/h2>\n\n\n\n<div class=\"wp-block-columns is-layout-flex wp-container-core-columns-is-layout-cbe57604 wp-block-columns-is-layout-flex\">\n<div class=\"wp-block-column is-layout-flow wp-block-column-is-layout-flow\">\n<div class=\"wp-block-group is-layout-flow wp-block-group-is-layout-flow\" style=\"border-top-color:var(--wp--preset--color--accent-6);border-top-width:1px;padding-top:var(--wp--preset--spacing--30);padding-bottom:var(--wp--preset--spacing--30)\">\n<h3 class=\"wp-block-heading\">Lohnt sich ein Cluster f\u00fcr mich?<\/h3>\n\n\n\n<p>Das h\u00e4ngt in erster Linie von dir und deinen Zielen ab. M\u00f6chtest du mit deinem Einplatinencomputer nur einzelne Prozesse in die Cloud auslagern oder ein hochmodernes, eigenes Smart-Computing-System aufbauen?<\/p>\n\n\n\n<p>Ein Cluster wird besonders dann sinnvoll, wenn du feststellst: <em>Nextcloud ist gut, aber ich brauche mehr Leistung, um mein Heimnetzwerk weiter auszubauen.<\/em> Kein Problem \u2013 du kannst problemlos 20 Raspberry Pi 5 Compute Modules zu einem Cluster zusammenschlie\u00dfen und darauf gemeinsam mit Freunden und Kollegen Gameserver, eine eigene Nextcloud, eine WordPress-Website, Nginx, Buchhaltungssoftware und sogar eine lokale KI betreiben.<\/p>\n\n\n\n<p>Dein Cluster muss dabei nicht aus identischer Hardware bestehen. Mit etwas Informatikkenntnis lassen sich auch heterogene Cluster realisieren \u2013 zum Beispiel ein leistungsstarkes ARM-Board mit NPU und 64 GB RAM f\u00fcr Ollama und ein kleiner Raspberry Pi 4 f\u00fcr n8n.<\/p>\n\n\n\n<p>Cluster sind extrem flexibel: Du kannst sofort mit deiner bestehenden Hardware starten und das System sp\u00e4ter einfach und schnell um weitere Cluster-Nodes erweitern.<\/p>\n<\/div>\n<\/div>\n\n\n\n<div class=\"wp-block-column is-layout-flow wp-block-column-is-layout-flow\">\n<div class=\"wp-block-group is-layout-flow wp-block-group-is-layout-flow\" style=\"border-top-color:var(--wp--preset--color--accent-6);border-top-width:1px;padding-top:var(--wp--preset--spacing--30);padding-bottom:var(--wp--preset--spacing--30)\">\n<h3 class=\"wp-block-heading\">K\u00fchlung<\/h3>\n\n\n\n<p>Bei Servern ist K\u00fchlung normalerweise ein riesiges Problem \u2013 moderne x86-Rechenzentren verbrauchen enorme Mengen Strom allein f\u00fcr die K\u00fchlung. Ein ARM-Rechencluster l\u00e4sst sich hingegen deutlich einfacher k\u00fchlen. Viele ARM-Compute-Module br\u00e4uchten theoretisch keinen K\u00fchler, drosseln aber trotzdem ihre Taktrate, weil sie etwas warm werden.<\/p>\n\n\n\n<p>Die K\u00fchlung ist bei ARM-Clustern sehr individuell. Oft reicht bereits ein kleiner K\u00fchlk\u00f6rper und ein leichter Luftstrom, um die Temperaturen deutlich zu senken. Wer jedoch Lust auf Wasserk\u00fchlung hat, kann sein Cluster selbstverst\u00e4ndlich auch damit ausstatten.<\/p>\n<\/div>\n<\/div>\n<\/div>\n\n\n\n<div class=\"wp-block-columns is-layout-flex wp-container-core-columns-is-layout-cbe57604 wp-block-columns-is-layout-flex\">\n<div class=\"wp-block-column is-layout-flow wp-block-column-is-layout-flow\">\n<div class=\"wp-block-group is-layout-flow wp-block-group-is-layout-flow\" style=\"border-top-color:var(--wp--preset--color--accent-6);border-top-width:1px;padding-top:var(--wp--preset--spacing--30);padding-bottom:var(--wp--preset--spacing--30)\">\n<h3 class=\"wp-block-heading\">Wann wird ein Cluster notwendig?<\/h3>\n\n\n\n<p>Es gibt viele Gr\u00fcnde, sich f\u00fcr ein Cluster zu entscheiden. Wenn du zum Beispiel eine App entwickelt hast, die du jetzt skalieren m\u00f6chtest, kannst du dein Cluster daf\u00fcr nutzen. Auch in Sicherheitsfragen werden Cluster interessant, besonders wenn man es ernst meint.<br>Dar\u00fcber hinaus sind Micro-Cluster ideal f\u00fcr Serververmietungen oder f\u00fcr Firmen, die Software f\u00fcr Kunden hosten m\u00f6chten.<\/p>\n<\/div>\n<\/div>\n\n\n\n<div class=\"wp-block-column is-layout-flow wp-block-column-is-layout-flow\">\n<div class=\"wp-block-group is-layout-flow wp-block-group-is-layout-flow\" style=\"border-top-color:var(--wp--preset--color--accent-6);border-top-width:1px;padding-top:var(--wp--preset--spacing--30);padding-bottom:var(--wp--preset--spacing--30)\">\n<h3 class=\"wp-block-heading\">Welche Alternativen gibt es zu einem Cluster?<\/h3>\n\n\n\n<p>Cluster-Computer sind praktisch alternativlos. Sie sind redundant aufgebaut, sodass Module im laufenden Betrieb entfernt oder hinzugef\u00fcgt werden k\u00f6nnen. Wenn es dir nur darum geht, viele Instanzen gleichzeitig laufen zu lassen, kannst du zwar auch virtuelle Maschinen oder Docker nutzen \u2013 das ist jedoch deutlich ineffizienter und in vielen Anwendungsf\u00e4llen weniger sicher.<\/p>\n<\/div>\n<\/div>\n<\/div>\n<\/div>\n<\/div>\n\n\n\n<div class=\"wp-block-group alignfull has-global-padding is-layout-constrained wp-container-core-group-is-layout-08655630 wp-block-group-is-layout-constrained\" style=\"margin-top:0;margin-bottom:0;padding-top:var(--wp--preset--spacing--80);padding-bottom:var(--wp--preset--spacing--80)\">\n<div class=\"wp-block-group alignwide is-layout-flow wp-block-group-is-layout-flow\">\n<p class=\"has-text-align-center is-style-text-display is-style-text-display--3\" style=\"font-style:normal;font-weight:400\">Hast du Fragen? <br><a href=\"https:\/\/steffes.industries\/?page_id=141\" data-type=\"page\" data-id=\"141\" rel=\"nofollow\">Dann kannst uns gerne kontaktieren.<\/a><\/p>\n\n\n\n<div style=\"height:var(--wp--preset--spacing--40)\" aria-hidden=\"true\" class=\"wp-block-spacer\"><\/div>\n\n\n\n<ul class=\"wp-block-social-links has-icon-color is-style-logos-only is-content-justification-center is-layout-flex wp-container-core-social-links-is-layout-a89b3969 wp-block-social-links-is-layout-flex\"><\/ul>\n<\/div>\n<\/div>\n\n\n\n<p><\/p>\n","protected":false},"excerpt":{"rendered":"<p>Verdiene geld durch vermieten Stell dir vor: Mit einem ARM-Cluster aus Raspberry Pi 5 kannst du schon bald deine eigenen Gameserver f\u00fcr Freunde und Kollegen betreiben und das alles bei minimalen Kosten! Doch das ist nur der Anfang: Dein Cluster kann noch viel mehr. Separate Minecraft-Server, Nextcloud f\u00fcr deine Daten, Buchhaltungssoftware f\u00fcr deine Kunden oder [&hellip;]<\/p>\n","protected":false},"author":1,"featured_media":0,"parent":0,"menu_order":0,"comment_status":"closed","ping_status":"closed","template":"","meta":{"footnotes":""},"class_list":["post-283","page","type-page","status-publish","hentry"],"jetpack_sharing_enabled":true,"_links":{"self":[{"href":"https:\/\/steffes.industries\/index.php?rest_route=\/wp\/v2\/pages\/283","targetHints":{"allow":["GET"]}}],"collection":[{"href":"https:\/\/steffes.industries\/index.php?rest_route=\/wp\/v2\/pages"}],"about":[{"href":"https:\/\/steffes.industries\/index.php?rest_route=\/wp\/v2\/types\/page"}],"author":[{"embeddable":true,"href":"https:\/\/steffes.industries\/index.php?rest_route=\/wp\/v2\/users\/1"}],"replies":[{"embeddable":true,"href":"https:\/\/steffes.industries\/index.php?rest_route=%2Fwp%2Fv2%2Fcomments&post=283"}],"version-history":[{"count":4,"href":"https:\/\/steffes.industries\/index.php?rest_route=\/wp\/v2\/pages\/283\/revisions"}],"predecessor-version":[{"id":365,"href":"https:\/\/steffes.industries\/index.php?rest_route=\/wp\/v2\/pages\/283\/revisions\/365"}],"wp:attachment":[{"href":"https:\/\/steffes.industries\/index.php?rest_route=%2Fwp%2Fv2%2Fmedia&parent=283"}],"curies":[{"name":"wp","href":"https:\/\/api.w.org\/{rel}","templated":true}]}}