{"id":250,"date":"2026-01-05T18:01:26","date_gmt":"2026-01-05T18:01:26","guid":{"rendered":"https:\/\/steffes.industries\/?page_id=250"},"modified":"2026-01-05T18:01:26","modified_gmt":"2026-01-05T18:01:26","slug":"rsbot-humanoider-roboter","status":"publish","type":"page","link":"https:\/\/steffes.industries\/?page_id=250","title":{"rendered":"RSBOT &#8211; Humanoider Roboter"},"content":{"rendered":"\n<p>Der RSBOT ist ein humanoider Roboter zum Selberdrucken. <\/p>\n\n\n\n<div class=\"wp-block-buttons is-layout-flex wp-block-buttons-is-layout-flex\">\n<div class=\"wp-block-button\"><a class=\"wp-block-button__link wp-element-button\" href=\"https:\/\/drive.google.com\/file\/d\/164Shdg14ps6XudNzRezS5N4cymu3d1Nm\/view?usp=sharing\">Download the RSBOT Files<\/a><\/div>\n<\/div>\n\n\n\n<div class=\"wp-block-jetpack-slideshow alignwide\" data-effect=\"slide\" style=\"--aspect-ratio:calc(1024 \/ 640)\"><div class=\"wp-block-jetpack-slideshow_container swiper\"><ul class=\"wp-block-jetpack-slideshow_swiper-wrapper swiper-wrapper\"><li class=\"wp-block-jetpack-slideshow_slide swiper-slide\"><figure><img loading=\"lazy\" decoding=\"async\" width=\"1024\" height=\"640\" alt=\"\" class=\"wp-block-jetpack-slideshow_image wp-image-251\" data-id=\"251\" data-aspect-ratio=\"1024 \/ 640\" src=\"http:\/\/steffes.industries\/wp-content\/uploads\/2026\/01\/UnterKoerper-1024x640.png\" srcset=\"https:\/\/steffes.industries\/wp-content\/uploads\/2026\/01\/UnterKoerper-1024x640.png 1024w, https:\/\/steffes.industries\/wp-content\/uploads\/2026\/01\/UnterKoerper-300x188.png 300w, https:\/\/steffes.industries\/wp-content\/uploads\/2026\/01\/UnterKoerper-768x480.png 768w, https:\/\/steffes.industries\/wp-content\/uploads\/2026\/01\/UnterKoerper-1536x960.png 1536w, https:\/\/steffes.industries\/wp-content\/uploads\/2026\/01\/UnterKoerper-600x375.png 600w, https:\/\/steffes.industries\/wp-content\/uploads\/2026\/01\/UnterKoerper.png 1920w\" sizes=\"(max-width: 1024px) 100vw, 1024px\" \/><\/figure><\/li><li class=\"wp-block-jetpack-slideshow_slide swiper-slide\"><figure><img loading=\"lazy\" decoding=\"async\" width=\"1024\" height=\"640\" alt=\"\" class=\"wp-block-jetpack-slideshow_image wp-image-252\" data-id=\"252\" data-aspect-ratio=\"1024 \/ 640\" src=\"http:\/\/steffes.industries\/wp-content\/uploads\/2026\/01\/Seite-1024x640.png\" srcset=\"https:\/\/steffes.industries\/wp-content\/uploads\/2026\/01\/Seite-1024x640.png 1024w, https:\/\/steffes.industries\/wp-content\/uploads\/2026\/01\/Seite-300x188.png 300w, https:\/\/steffes.industries\/wp-content\/uploads\/2026\/01\/Seite-768x480.png 768w, https:\/\/steffes.industries\/wp-content\/uploads\/2026\/01\/Seite-1536x960.png 1536w, https:\/\/steffes.industries\/wp-content\/uploads\/2026\/01\/Seite-600x375.png 600w, https:\/\/steffes.industries\/wp-content\/uploads\/2026\/01\/Seite.png 1920w\" sizes=\"(max-width: 1024px) 100vw, 1024px\" \/><\/figure><\/li><li class=\"wp-block-jetpack-slideshow_slide swiper-slide\"><figure><img loading=\"lazy\" decoding=\"async\" width=\"1024\" height=\"640\" alt=\"\" class=\"wp-block-jetpack-slideshow_image wp-image-253\" data-id=\"253\" data-aspect-ratio=\"1024 \/ 640\" src=\"http:\/\/steffes.industries\/wp-content\/uploads\/2026\/01\/Kopf-1024x640.png\" srcset=\"https:\/\/steffes.industries\/wp-content\/uploads\/2026\/01\/Kopf-1024x640.png 1024w, https:\/\/steffes.industries\/wp-content\/uploads\/2026\/01\/Kopf-300x188.png 300w, https:\/\/steffes.industries\/wp-content\/uploads\/2026\/01\/Kopf-768x480.png 768w, https:\/\/steffes.industries\/wp-content\/uploads\/2026\/01\/Kopf-1536x960.png 1536w, https:\/\/steffes.industries\/wp-content\/uploads\/2026\/01\/Kopf-600x375.png 600w, https:\/\/steffes.industries\/wp-content\/uploads\/2026\/01\/Kopf.png 1920w\" sizes=\"(max-width: 1024px) 100vw, 1024px\" \/><\/figure><\/li><li class=\"wp-block-jetpack-slideshow_slide swiper-slide\"><figure><img loading=\"lazy\" decoding=\"async\" width=\"1024\" height=\"640\" alt=\"\" class=\"wp-block-jetpack-slideshow_image wp-image-257\" data-id=\"257\" data-aspect-ratio=\"1024 \/ 640\" src=\"http:\/\/steffes.industries\/wp-content\/uploads\/2026\/01\/Info-1024x640.png\" srcset=\"https:\/\/steffes.industries\/wp-content\/uploads\/2026\/01\/Info-1024x640.png 1024w, https:\/\/steffes.industries\/wp-content\/uploads\/2026\/01\/Info-300x188.png 300w, https:\/\/steffes.industries\/wp-content\/uploads\/2026\/01\/Info-768x480.png 768w, https:\/\/steffes.industries\/wp-content\/uploads\/2026\/01\/Info-1536x960.png 1536w, https:\/\/steffes.industries\/wp-content\/uploads\/2026\/01\/Info-600x375.png 600w, https:\/\/steffes.industries\/wp-content\/uploads\/2026\/01\/Info.png 1920w\" sizes=\"(max-width: 1024px) 100vw, 1024px\" \/><\/figure><\/li><li class=\"wp-block-jetpack-slideshow_slide swiper-slide\"><figure><img loading=\"lazy\" decoding=\"async\" width=\"1024\" height=\"640\" alt=\"\" class=\"wp-block-jetpack-slideshow_image wp-image-256\" data-id=\"256\" data-aspect-ratio=\"1024 \/ 640\" src=\"http:\/\/steffes.industries\/wp-content\/uploads\/2026\/01\/Hand_Seite-1024x640.png\" srcset=\"https:\/\/steffes.industries\/wp-content\/uploads\/2026\/01\/Hand_Seite-1024x640.png 1024w, https:\/\/steffes.industries\/wp-content\/uploads\/2026\/01\/Hand_Seite-300x188.png 300w, https:\/\/steffes.industries\/wp-content\/uploads\/2026\/01\/Hand_Seite-768x480.png 768w, https:\/\/steffes.industries\/wp-content\/uploads\/2026\/01\/Hand_Seite-1536x960.png 1536w, https:\/\/steffes.industries\/wp-content\/uploads\/2026\/01\/Hand_Seite-600x375.png 600w, https:\/\/steffes.industries\/wp-content\/uploads\/2026\/01\/Hand_Seite.png 1920w\" sizes=\"(max-width: 1024px) 100vw, 1024px\" \/><\/figure><\/li><li class=\"wp-block-jetpack-slideshow_slide swiper-slide\"><figure><img loading=\"lazy\" decoding=\"async\" width=\"1024\" height=\"640\" alt=\"\" class=\"wp-block-jetpack-slideshow_image wp-image-254\" data-id=\"254\" data-aspect-ratio=\"1024 \/ 640\" src=\"http:\/\/steffes.industries\/wp-content\/uploads\/2026\/01\/Hand-1024x640.png\" srcset=\"https:\/\/steffes.industries\/wp-content\/uploads\/2026\/01\/Hand-1024x640.png 1024w, https:\/\/steffes.industries\/wp-content\/uploads\/2026\/01\/Hand-300x188.png 300w, https:\/\/steffes.industries\/wp-content\/uploads\/2026\/01\/Hand-768x480.png 768w, https:\/\/steffes.industries\/wp-content\/uploads\/2026\/01\/Hand-1536x960.png 1536w, https:\/\/steffes.industries\/wp-content\/uploads\/2026\/01\/Hand-600x375.png 600w, https:\/\/steffes.industries\/wp-content\/uploads\/2026\/01\/Hand.png 1920w\" sizes=\"(max-width: 1024px) 100vw, 1024px\" \/><\/figure><\/li><li class=\"wp-block-jetpack-slideshow_slide swiper-slide\"><figure><img loading=\"lazy\" decoding=\"async\" width=\"1024\" height=\"640\" alt=\"\" class=\"wp-block-jetpack-slideshow_image wp-image-255\" data-id=\"255\" data-aspect-ratio=\"1024 \/ 640\" src=\"http:\/\/steffes.industries\/wp-content\/uploads\/2026\/01\/Beine-1024x640.png\" srcset=\"https:\/\/steffes.industries\/wp-content\/uploads\/2026\/01\/Beine-1024x640.png 1024w, https:\/\/steffes.industries\/wp-content\/uploads\/2026\/01\/Beine-300x188.png 300w, https:\/\/steffes.industries\/wp-content\/uploads\/2026\/01\/Beine-768x480.png 768w, https:\/\/steffes.industries\/wp-content\/uploads\/2026\/01\/Beine-1536x960.png 1536w, https:\/\/steffes.industries\/wp-content\/uploads\/2026\/01\/Beine-600x375.png 600w, https:\/\/steffes.industries\/wp-content\/uploads\/2026\/01\/Beine.png 1920w\" sizes=\"(max-width: 1024px) 100vw, 1024px\" \/><\/figure><\/li><li class=\"wp-block-jetpack-slideshow_slide swiper-slide\"><figure><img loading=\"lazy\" decoding=\"async\" width=\"1024\" height=\"467\" alt=\"RSBOT\" class=\"wp-block-jetpack-slideshow_image wp-image-258\" data-id=\"258\" data-aspect-ratio=\"1024 \/ 467\" src=\"http:\/\/steffes.industries\/wp-content\/uploads\/2026\/01\/Layershift_Background-1024x467.jpg\" srcset=\"https:\/\/steffes.industries\/wp-content\/uploads\/2026\/01\/Layershift_Background-1024x467.jpg 1024w, https:\/\/steffes.industries\/wp-content\/uploads\/2026\/01\/Layershift_Background-300x137.jpg 300w, https:\/\/steffes.industries\/wp-content\/uploads\/2026\/01\/Layershift_Background-768x350.jpg 768w, https:\/\/steffes.industries\/wp-content\/uploads\/2026\/01\/Layershift_Background-1536x700.jpg 1536w, https:\/\/steffes.industries\/wp-content\/uploads\/2026\/01\/Layershift_Background-2048x934.jpg 2048w, https:\/\/steffes.industries\/wp-content\/uploads\/2026\/01\/Layershift_Background-600x274.jpg 600w\" sizes=\"(max-width: 1024px) 100vw, 1024px\" \/><figcaption class=\"wp-block-jetpack-slideshow_caption gallery-caption\">RSBOT Layershift<\/figcaption><\/figure><\/li><\/ul><a class=\"wp-block-jetpack-slideshow_button-prev swiper-button-prev swiper-button-white\" role=\"button\"><\/a><a class=\"wp-block-jetpack-slideshow_button-next swiper-button-next swiper-button-white\" role=\"button\"><\/a><a aria-label=\"Pause Slideshow\" class=\"wp-block-jetpack-slideshow_button-pause\" role=\"button\"><\/a><div class=\"wp-block-jetpack-slideshow_pagination swiper-pagination swiper-pagination-white\"><\/div><\/div><\/div>\n\n\n\n<blockquote class=\"wp-block-quote is-layout-flow wp-block-quote-is-layout-flow\">\n<p>\u201eEs darf nicht passieren, dass einzelne Firmen bald die gesamte Arbeitskraft auf dem Planeten kontrollieren.\u201c<\/p>\n<\/blockquote>\n\n\n\n<p>Um das zu verhindern \u2013 und weil Basteln einfach Spa\u00df macht \u2013 gibt es den RSBOT. Zugegeben: definitiv kein Projekt f\u00fcr Einsteiger, auch wenn es machbar ist, sofern man sich nur tief genug hineinarbeitet.<\/p>\n\n\n\n<p>F\u00fcr die Herstellung des K\u00f6rpers ben\u00f6tigst du eine erhebliche Menge an Filament. Es ist empfehlenswert, sich schrittweise heranzutasten und zun\u00e4chst einzelne Baugruppen mit deinem Filament zu testen.<\/p>\n\n\n\n<p>Es ist schwierig, eine feste Filamentmenge anzugeben, da diese stark von deinen Druckparametern abh\u00e4ngt. Grunds\u00e4tzlich gilt: Je dicker die W\u00e4nde gedruckt werden, desto stabiler werden die Teile.<\/p>\n\n\n\n<p>Aktuell arbeiten wir beim RSBOT-Prototypen mit PCTG, einer Wandst\u00e4rke von 4 mm und 60 % Infill. Auch 2,5 mm Wandst\u00e4rke mit 35 % Infill liefern durchaus brauchbare Ergebnisse.<\/p>\n\n\n\n<p>Plane insgesamt mit <strong>mindestens 30 kg Filament<\/strong>, wenn du diesen Roboter bauen m\u00f6chtest. Es wird Fehldrucke geben, und viele Dateien in den aktuellen CAD-Daten sind noch nicht ausgereift und k\u00f6nnen Fehler enthalten.<\/p>\n\n\n\n<p><\/p>\n\n\n\n<p><\/p>\n\n\n\n<h2 class=\"wp-block-heading\">RSBOT Software.<\/h2>\n\n\n\n<p>Die aktuelle RSBOT-Software arbeitet mit einer <strong>modifizierten Version von CTM (Continuous Thought Machines)<\/strong>.<\/p>\n\n\n\n<p>Grundlage ist das Projekt von Sakana AI:<br><a href=\"https:\/\/github.com\/SakanaAI\/continuous-thought-machines\">https:\/\/github.com\/SakanaAI\/continuous-thought-machines<\/a><\/p>\n\n\n\n<p>Genau wie unsere neue Text-KI <strong>Jenny AI (CTM-T)<\/strong> nutzt auch der RSBOT CTM \u201eim Gehirn\u201c. CTM erm\u00f6glicht es, den RSBOT auf einem Einplatinencomputer zu betreiben. Zugegeben: Mit nur 2 GB RAM ist der Roboter nicht gerade ein Genie \u2013 aber es funktioniert.<\/p>\n\n\n\n<p>Ein weiterer Vorteil von CTM ist die L\u00f6sung des <em>Sp\u00fclmaschinenproblems<\/em>: Der RSBOT wei\u00df, was Teller sind, und erkennt auch, wo sie <strong>bei dir zu Hause<\/strong> hingeh\u00f6ren.<\/p>\n\n\n\n<p><\/p>\n","protected":false},"excerpt":{"rendered":"<p>Der RSBOT ist ein humanoider Roboter zum Selberdrucken. \u201eEs darf nicht passieren, dass einzelne Firmen bald die gesamte Arbeitskraft auf dem Planeten kontrollieren.\u201c Um das zu verhindern \u2013 und weil Basteln einfach Spa\u00df macht \u2013 gibt es den RSBOT. Zugegeben: definitiv kein Projekt f\u00fcr Einsteiger, auch wenn es machbar ist, sofern man sich nur tief [&hellip;]<\/p>\n","protected":false},"author":1,"featured_media":0,"parent":0,"menu_order":0,"comment_status":"closed","ping_status":"closed","template":"","meta":{"footnotes":""},"class_list":["post-250","page","type-page","status-publish","hentry"],"jetpack_sharing_enabled":true,"_links":{"self":[{"href":"https:\/\/steffes.industries\/index.php?rest_route=\/wp\/v2\/pages\/250","targetHints":{"allow":["GET"]}}],"collection":[{"href":"https:\/\/steffes.industries\/index.php?rest_route=\/wp\/v2\/pages"}],"about":[{"href":"https:\/\/steffes.industries\/index.php?rest_route=\/wp\/v2\/types\/page"}],"author":[{"embeddable":true,"href":"https:\/\/steffes.industries\/index.php?rest_route=\/wp\/v2\/users\/1"}],"replies":[{"embeddable":true,"href":"https:\/\/steffes.industries\/index.php?rest_route=%2Fwp%2Fv2%2Fcomments&post=250"}],"version-history":[{"count":1,"href":"https:\/\/steffes.industries\/index.php?rest_route=\/wp\/v2\/pages\/250\/revisions"}],"predecessor-version":[{"id":259,"href":"https:\/\/steffes.industries\/index.php?rest_route=\/wp\/v2\/pages\/250\/revisions\/259"}],"wp:attachment":[{"href":"https:\/\/steffes.industries\/index.php?rest_route=%2Fwp%2Fv2%2Fmedia&parent=250"}],"curies":[{"name":"wp","href":"https:\/\/api.w.org\/{rel}","templated":true}]}}