{"id":228,"date":"2026-01-04T22:09:11","date_gmt":"2026-01-04T22:09:11","guid":{"rendered":"https:\/\/steffes.industries\/?page_id=228"},"modified":"2026-01-04T22:09:11","modified_gmt":"2026-01-04T22:09:11","slug":"rsos","status":"publish","type":"page","link":"https:\/\/steffes.industries\/?page_id=228","title":{"rendered":"RSOS"},"content":{"rendered":"\n<div class=\"wp-block-cover alignfull is-light wp-duotone-36345d-abaaaa-1\" style=\"margin-top:0;padding-top:5vw;padding-right:5vw;padding-bottom:5vw;padding-left:5vw\"><img decoding=\"async\" class=\"wp-block-cover__image-background wp-image-334\" alt=\"\" src=\"https:\/\/pd.w.org\/2022\/01\/95161f850d22f0c06.37817431.jpg\" style=\"object-position:50% 5%\" data-object-fit=\"cover\" data-object-position=\"50% 5%\"\/><span aria-hidden=\"true\" class=\"wp-block-cover__background has-background-dim-60 has-background-dim\" style=\"background-color:#c2b7a4\"><\/span><div class=\"wp-block-cover__inner-container is-layout-flow wp-block-cover-is-layout-flow\">\n<div style=\"height:48px\" aria-hidden=\"true\" class=\"wp-block-spacer\"><\/div>\n\n\n\n<div class=\"wp-block-group is-vertical is-content-justification-center is-nowrap is-layout-flex wp-container-core-group-is-layout-b77dfac5 wp-block-group-is-layout-flex\">\n<p class=\"has-text-align-right has-text-color\" style=\"color:#c8c4d3;font-size:clamp(67.975px, 4.248rem + ((1vw - 3.2px) * 7.846), 148px);font-style:normal;font-weight:300;letter-spacing:-4px;line-height:0.8;text-transform:uppercase\">linux<\/p>\n\n\n\n<p class=\"has-text-align-right has-text-color\" style=\"color:#ac94b2;font-size:clamp(67.975px, 4.248rem + ((1vw - 3.2px) * 7.846), 148px);font-style:normal;font-weight:300;letter-spacing:-4px;line-height:0.8;text-transform:uppercase\">debian<\/p>\n\n\n\n<p class=\"has-text-align-right has-text-color\" style=\"color:#71689c;font-size:clamp(67.975px, 4.248rem + ((1vw - 3.2px) * 7.846), 148px);font-style:normal;font-weight:300;letter-spacing:-4px;line-height:0.8;text-transform:uppercase\">xfce<\/p>\n\n\n\n<p class=\"has-text-align-right has-text-color\" style=\"color:#444178;font-size:clamp(67.975px, 4.248rem + ((1vw - 3.2px) * 7.846), 148px);font-style:normal;font-weight:300;letter-spacing:-4px;line-height:0.8;text-transform:uppercase\">stI<\/p>\n<\/div>\n\n\n\n<div style=\"height:48px\" aria-hidden=\"true\" class=\"wp-block-spacer\"><\/div>\n<\/div><\/div>\n\n\n\n<div class=\"wp-block-group alignfull has-global-padding is-layout-constrained wp-block-group-is-layout-constrained\" style=\"margin-top:0;margin-bottom:0;padding-top:var(--wp--preset--spacing--50);padding-bottom:var(--wp--preset--spacing--50)\">\n<div class=\"wp-block-columns alignwide is-layout-flex wp-container-core-columns-is-layout-fa584acd wp-block-columns-is-layout-flex\">\n<div class=\"wp-block-column is-vertically-aligned-center is-layout-flow wp-block-column-is-layout-flow\">\n<h2 class=\"wp-block-heading has-xx-large-font-size\">Wilkommen bei <em>RSOS<\/em> 1.09<\/h2>\n\n\n\n<p class=\"has-medium-font-size\">Nichts nervt, aber alles, was du brauchst!<\/p>\n\n\n\n<p>RSOS ist ein minimalistisches System, basierend auf Debian Linux. Dank des XFCE-Desktops haben Sie enorme M\u00f6glichkeiten, Ihr System einfach und individuell anzupassen. Egal ob jung oder alt \u2013 mit RSOS kann jeder umgehen.<\/p>\n\n\n\n<p>Dank seiner Wurzeln in Debian 12 verleiht RSOS eine au\u00dfergew\u00f6hnliche Stabilit\u00e4t, und XFCE als Desktop stellt sicher, dass sich jeder schnell zurechtfindet und auch kleinere Systeme RSOS problemlos verwenden k\u00f6nnen.<\/p>\n\n\n\n<p>Egal ob Office-Arbeiten, Programmieren, Videoschnitt oder CAD&#8230;  mit <strong><em>RSOS<\/em><\/strong> l\u00e4uft es reibungslos.<\/p>\n<\/div>\n\n\n\n<div class=\"wp-block-column is-vertically-aligned-center is-layout-flow wp-block-column-is-layout-flow\">\n<figure class=\"wp-block-image size-full\"><img loading=\"lazy\" decoding=\"async\" width=\"1920\" height=\"1200\" src=\"https:\/\/steffes.industries\/wp-content\/uploads\/2026\/01\/slide4.png\" alt=\"\" class=\"wp-image-229\" style=\"aspect-ratio:1;object-fit:cover\" srcset=\"https:\/\/steffes.industries\/wp-content\/uploads\/2026\/01\/slide4.png 1920w, https:\/\/steffes.industries\/wp-content\/uploads\/2026\/01\/slide4-300x188.png 300w, https:\/\/steffes.industries\/wp-content\/uploads\/2026\/01\/slide4-1024x640.png 1024w, https:\/\/steffes.industries\/wp-content\/uploads\/2026\/01\/slide4-768x480.png 768w, https:\/\/steffes.industries\/wp-content\/uploads\/2026\/01\/slide4-1536x960.png 1536w, https:\/\/steffes.industries\/wp-content\/uploads\/2026\/01\/slide4-600x375.png 600w\" sizes=\"auto, (max-width: 1920px) 100vw, 1920px\" \/><\/figure>\n<\/div>\n<\/div>\n<\/div>\n\n\n\n<div class=\"wp-block-buttons is-content-justification-center is-layout-flex wp-container-core-buttons-is-layout-a89b3969 wp-block-buttons-is-layout-flex\">\n<div class=\"wp-block-button\"><a class=\"wp-block-button__link wp-element-button\" href=\"https:\/\/drive.google.com\/file\/d\/1B8hIQeeHKom5RY144JRjPNlTmQaMyQde\/view?usp=sharing\">DOWNLOAD RSOS 1.09-Hannah<\/a><\/div>\n<\/div>\n\n\n\n<p><strong>Systemanforderungen:<\/strong><\/p>\n\n\n\n<ul class=\"wp-block-list\">\n<li>2 GB RAM (4 GB oder mehr empfohlen)<\/li>\n\n\n\n<li>8 GB Festplattenspeicher (32 GB oder mehr empfohlen)<\/li>\n\n\n\n<li>x86-CPU<\/li>\n<\/ul>\n\n\n\n<figure class=\"wp-block-pullquote\"><blockquote><p>\u201eDer Installer gef\u00e4llt mir&#8220;<\/p><cite>Pinguin TV<br><a href=\"https:\/\/www.youtube.com\/watch?v=rpWbOFDjh7Q\" data-type=\"link\" data-id=\"https:\/\/www.youtube.com\/watch?v=rpWbOFDjh7Q\">https:\/\/www.youtube.com\/watch?v=rpWbOFDjh7Q<\/a><\/cite><\/blockquote><\/figure>\n\n\n\n<figure class=\"wp-block-gallery has-nested-images columns-default is-cropped wp-block-gallery-2 is-layout-flex wp-block-gallery-is-layout-flex\">\n<figure class=\"wp-block-image size-large\"><img loading=\"lazy\" decoding=\"async\" width=\"1024\" height=\"640\" data-id=\"232\" src=\"https:\/\/steffes.industries\/wp-content\/uploads\/2026\/01\/slide4-1-1024x640.png\" alt=\"\" class=\"wp-image-232\" srcset=\"https:\/\/steffes.industries\/wp-content\/uploads\/2026\/01\/slide4-1-1024x640.png 1024w, https:\/\/steffes.industries\/wp-content\/uploads\/2026\/01\/slide4-1-300x188.png 300w, https:\/\/steffes.industries\/wp-content\/uploads\/2026\/01\/slide4-1-768x480.png 768w, https:\/\/steffes.industries\/wp-content\/uploads\/2026\/01\/slide4-1-1536x960.png 1536w, https:\/\/steffes.industries\/wp-content\/uploads\/2026\/01\/slide4-1-600x375.png 600w, https:\/\/steffes.industries\/wp-content\/uploads\/2026\/01\/slide4-1.png 1920w\" sizes=\"auto, (max-width: 1024px) 100vw, 1024px\" \/><\/figure>\n\n\n\n<figure class=\"wp-block-image size-large\"><img loading=\"lazy\" decoding=\"async\" width=\"1024\" height=\"640\" data-id=\"230\" src=\"https:\/\/steffes.industries\/wp-content\/uploads\/2026\/01\/slide3-1024x640.png\" alt=\"\" class=\"wp-image-230\" srcset=\"https:\/\/steffes.industries\/wp-content\/uploads\/2026\/01\/slide3-1024x640.png 1024w, https:\/\/steffes.industries\/wp-content\/uploads\/2026\/01\/slide3-300x188.png 300w, https:\/\/steffes.industries\/wp-content\/uploads\/2026\/01\/slide3-768x480.png 768w, https:\/\/steffes.industries\/wp-content\/uploads\/2026\/01\/slide3-1536x960.png 1536w, https:\/\/steffes.industries\/wp-content\/uploads\/2026\/01\/slide3-600x375.png 600w, https:\/\/steffes.industries\/wp-content\/uploads\/2026\/01\/slide3.png 1920w\" sizes=\"auto, (max-width: 1024px) 100vw, 1024px\" \/><\/figure>\n\n\n\n<figure class=\"wp-block-image size-large\"><img loading=\"lazy\" decoding=\"async\" width=\"1024\" height=\"640\" data-id=\"233\" src=\"https:\/\/steffes.industries\/wp-content\/uploads\/2026\/01\/slide2-1024x640.png\" alt=\"\" class=\"wp-image-233\" srcset=\"https:\/\/steffes.industries\/wp-content\/uploads\/2026\/01\/slide2-1024x640.png 1024w, https:\/\/steffes.industries\/wp-content\/uploads\/2026\/01\/slide2-300x188.png 300w, https:\/\/steffes.industries\/wp-content\/uploads\/2026\/01\/slide2-768x480.png 768w, https:\/\/steffes.industries\/wp-content\/uploads\/2026\/01\/slide2-1536x960.png 1536w, https:\/\/steffes.industries\/wp-content\/uploads\/2026\/01\/slide2-600x375.png 600w, https:\/\/steffes.industries\/wp-content\/uploads\/2026\/01\/slide2.png 1920w\" sizes=\"auto, (max-width: 1024px) 100vw, 1024px\" \/><\/figure>\n\n\n\n<figure class=\"wp-block-image size-large\"><img loading=\"lazy\" decoding=\"async\" width=\"1024\" height=\"640\" data-id=\"231\" src=\"https:\/\/steffes.industries\/wp-content\/uploads\/2026\/01\/slide1-1024x640.png\" alt=\"\" class=\"wp-image-231\" srcset=\"https:\/\/steffes.industries\/wp-content\/uploads\/2026\/01\/slide1-1024x640.png 1024w, https:\/\/steffes.industries\/wp-content\/uploads\/2026\/01\/slide1-300x188.png 300w, https:\/\/steffes.industries\/wp-content\/uploads\/2026\/01\/slide1-768x480.png 768w, https:\/\/steffes.industries\/wp-content\/uploads\/2026\/01\/slide1-1536x960.png 1536w, https:\/\/steffes.industries\/wp-content\/uploads\/2026\/01\/slide1-600x375.png 600w, https:\/\/steffes.industries\/wp-content\/uploads\/2026\/01\/slide1.png 1920w\" sizes=\"auto, (max-width: 1024px) 100vw, 1024px\" \/><\/figure>\n<\/figure>\n\n\n\n<p>Nach der einfachen und schnellen Installation kannst du direkt loslegen. Spiele eine Runde Minetest mit deinen Kollegen oder integriere doch direkt deinen Code! RSOS 1.09 \u2013 <em>Hannah<\/em> ist nicht perfekt, das wissen wir auch.<\/p>\n\n\n\n<p>Steffes Industries arbeitet derzeit an RSOS 1.1.<\/p>\n\n\n\n<blockquote class=\"wp-block-quote is-layout-flow wp-block-quote-is-layout-flow\">\n<p>\u201eThe Future is RISC-V\u201c<\/p>\n<\/blockquote>\n\n\n\n<p><\/p>\n\n\n\n<h2 class=\"wp-block-heading\">Wie Erstelle ich ein Installationsmedium?<\/h2>\n\n\n\n<p>Lade dir ein Tool wie BalenaEtcher herunter. Suche dir einen USB-Stick mit 8 GB oder mehr und installiere die ISO-Datei, die du in der heruntergeladenen .zip-Datei findest.<\/p>\n\n\n\n<p>Schreibe die .iso auf deinen USB-Stick, stecke diesen in deinen PC und starte ihn neu. Wenn du Gl\u00fcck hast, ist das BIOS\/UEFI richtig eingestellt und der PC startet direkt vom USB-Stick.<\/p>\n\n\n\n<p>Falls nicht, musst du entweder ins BIOS\/UEFI gehen und dort die Bootreihenfolge \u00e4ndern oder \u2013 noch besser \u2013 direkt von dort aus das RSOS-Installationsmedium auf dem USB-Stick ausw\u00e4hlen. In das BIOS\/UEFI gelangst du meist durch Dr\u00fccken einer Taste direkt nach dem Einschalten des PCs. Welche Taste das ist, h\u00e4ngt vom jeweiligen Ger\u00e4t ab und sollte im Zweifel recherchiert werden. H\u00e4ufig genutzte Tasten sind zum Beispiel <strong>F2, F11, F12, Entf<\/strong> oder <strong>Esc<\/strong>.<\/p>\n\n\n\n<p><\/p>\n","protected":false},"excerpt":{"rendered":"<p>Wilkommen bei RSOS 1.09 Nichts nervt, aber alles, was du brauchst! RSOS ist ein minimalistisches System, basierend auf Debian Linux. Dank des XFCE-Desktops haben Sie enorme M\u00f6glichkeiten, Ihr System einfach und individuell anzupassen. Egal ob jung oder alt \u2013 mit RSOS kann jeder umgehen. Dank seiner Wurzeln in Debian 12 verleiht RSOS eine au\u00dfergew\u00f6hnliche Stabilit\u00e4t, [&hellip;]<\/p>\n","protected":false},"author":1,"featured_media":0,"parent":0,"menu_order":0,"comment_status":"closed","ping_status":"closed","template":"","meta":{"footnotes":""},"class_list":["post-228","page","type-page","status-publish","hentry"],"jetpack_sharing_enabled":true,"_links":{"self":[{"href":"https:\/\/steffes.industries\/index.php?rest_route=\/wp\/v2\/pages\/228","targetHints":{"allow":["GET"]}}],"collection":[{"href":"https:\/\/steffes.industries\/index.php?rest_route=\/wp\/v2\/pages"}],"about":[{"href":"https:\/\/steffes.industries\/index.php?rest_route=\/wp\/v2\/types\/page"}],"author":[{"embeddable":true,"href":"https:\/\/steffes.industries\/index.php?rest_route=\/wp\/v2\/users\/1"}],"replies":[{"embeddable":true,"href":"https:\/\/steffes.industries\/index.php?rest_route=%2Fwp%2Fv2%2Fcomments&post=228"}],"version-history":[{"count":1,"href":"https:\/\/steffes.industries\/index.php?rest_route=\/wp\/v2\/pages\/228\/revisions"}],"predecessor-version":[{"id":234,"href":"https:\/\/steffes.industries\/index.php?rest_route=\/wp\/v2\/pages\/228\/revisions\/234"}],"wp:attachment":[{"href":"https:\/\/steffes.industries\/index.php?rest_route=%2Fwp%2Fv2%2Fmedia&parent=228"}],"curies":[{"name":"wp","href":"https:\/\/api.w.org\/{rel}","templated":true}]}}